{"id":3,"date":"2024-04-01T13:34:48","date_gmt":"2024-04-01T13:34:48","guid":{"rendered":"http:\/\/box5469\/cgi\/addon_GT.cgi?s=GT::WP::Install::Cpanel+%28glambysh%29+-+127.0.0.1+%5Bnocaller%5D\/?page_id=3"},"modified":"2024-05-08T20:09:03","modified_gmt":"2024-05-08T20:09:03","slug":"legal-disclaimer","status":"publish","type":"page","link":"https:\/\/socialinemerald.com\/es\/legal-disclaimer\/","title":{"rendered":"Nota legal"},"content":{"rendered":"<div data-elementor-type=\"wp-page\" data-elementor-id=\"3\" class=\"elementor elementor-3\" data-elementor-post-type=\"page\">\n\t\t\t\t<div class=\"elementor-element elementor-element-32d1697f e-flex e-con-boxed e-con e-parent\" data-id=\"32d1697f\" data-element_type=\"container\" data-e-type=\"container\">\n\t\t\t\t\t<div class=\"e-con-inner\">\n\t\t\t\t<div class=\"elementor-element elementor-element-28d20865 elementor-widget elementor-widget-text-editor\" data-id=\"28d20865\" data-element_type=\"widget\" data-e-type=\"widget\" data-widget_type=\"text-editor.default\">\n\t\t\t\t<div class=\"elementor-widget-container\">\n\t\t\t\t\t\t\t\t\t\n<h2 class=\"wp-block-heading\">\u00a0<\/h2>\n\n<p><span style=\"font-weight: 400;\">\u00a0<\/span><span style=\"font-weight: 400;\">Todo el contenido de este sitio web, incluidos textos, im\u00e1genes, gr\u00e1ficos, logotipos, videos y archivos descargables, es propiedad de <strong>Social en Esmeralda LLC<\/strong> a menos que se indique lo contrario. Este contenido est\u00e1 protegido por las leyes de derechos de autor y no puede reproducirse, distribuirse, transmitirse, mostrarse ni utilizarse de otro modo sin el consentimiento previo por escrito de Social In Emerald LLC.<\/span><\/p>\n<p><span style=\"font-weight: 400;\">El uso no autorizado de cualquier contenido de este sitio web puede dar lugar a acciones legales. Si desea utilizar alg\u00fan contenido para fines no comerciales, cont\u00e1ctenos en <strong>socialinemerald@gmail<\/strong>.com para obtener permiso.<\/span><\/p>\n\n<h2 class=\"wp-block-heading\">Pol\u00edtica de privacidad<\/h2>\n\n<p><span style=\"font-weight: 400;\">En Social In Emerald, estamos comprometidos a proteger su privacidad. Esta Pol\u00edtica de Privacidad describe c\u00f3mo recopilamos, utilizamos y salvaguardamos su informaci\u00f3n personal cuando visita nuestro sitio web o interact\u00faa con nuestros servicios.<\/span><\/p>\n\n<p><b>Informaci\u00f3n que recopilamos:<\/b><\/p>\n<ul>\n<li style=\"font-weight: 400;\" aria-level=\"1\"><span style=\"font-weight: 400;\"><strong>Informacion personal<\/strong>: Cuando completa un formulario de contacto o se suscribe a nuestro bolet\u00edn informativo, podemos recopilar su nombre, direcci\u00f3n de correo electr\u00f3nico y otra informaci\u00f3n de contacto.<\/span><\/li>\n<li style=\"font-weight: 400;\" aria-level=\"1\"><span style=\"font-weight: 400;\"><strong>Datos de uso:<\/strong> Podemos recopilar informaci\u00f3n sobre c\u00f3mo interact\u00faa con nuestro sitio web, incluida su direcci\u00f3n IP, tipo de navegador y sistema operativo.<\/span><\/li>\n<\/ul>\n<p><b>C\u00f3mo utilizamos su informaci\u00f3n:<\/b><\/p>\n<ul>\n<li style=\"font-weight: 400;\" aria-level=\"1\"><span style=\"font-weight: 400;\">Para responder a sus consultas y brindar atenci\u00f3n al cliente.<\/span><\/li>\n<li style=\"font-weight: 400;\" aria-level=\"1\"><span style=\"font-weight: 400;\">Para enviarle materiales promocionales, boletines informativos u otras comunicaciones si ha optado por recibirlos.<\/span><\/li>\n<li style=\"font-weight: 400;\" aria-level=\"1\"><span style=\"font-weight: 400;\">Analizar y mejorar nuestro sitio web y servicios.<\/span><\/li>\n<\/ul>\n\n<h2 class=\"wp-block-heading\"><b>Medidas de seguridad<\/b><\/h2>\n\n<p><span style=\"font-weight: 400;\">Tomamos medidas razonables para proteger su informaci\u00f3n personal contra acceso no autorizado, divulgaci\u00f3n, alteraci\u00f3n o destrucci\u00f3n.<\/span><\/p>\n\n<h2 class=\"wp-block-heading\">T\u00e9rminos de servicio<\/h2>\n<p><span style=\"font-weight: 400;\">Al acceder o utilizar el sitio web de Social In Emerald, usted acepta estar sujeto a estos T\u00e9rminos de servicio. Si no est\u00e1 de acuerdo con alguna parte de estos t\u00e9rminos, no podr\u00e1 acceder al sitio web.<\/span><\/p>\n<ol>\n<li style=\"font-weight: 400;\" aria-level=\"1\"><span style=\"font-weight: 400;\"><strong>Uso del contenido:<\/strong> No puede reproducir, distribuir, transmitir, mostrar ni utilizar de otro modo ning\u00fan contenido de este sitio web sin el consentimiento previo por escrito de Social In Emerald.<\/span><\/li>\n<li style=\"font-weight: 400;\" aria-level=\"1\"><span style=\"font-weight: 400;\"><strong>Precisi\u00f3n de la informaci\u00f3n:<\/strong> Si bien nos esforzamos por proporcionar informaci\u00f3n precisa y actualizada, no hacemos declaraciones ni garant\u00edas de ning\u00fan tipo, expresas o impl\u00edcitas, sobre la integridad, exactitud, confiabilidad, idoneidad o disponibilidad de la informaci\u00f3n contenida en este sitio web.<\/span><\/li>\n<li style=\"font-weight: 400;\" aria-level=\"1\"><span style=\"font-weight: 400;\"><strong>Limitaci\u00f3n de responsabilidad:<\/strong> Social In Emerald no ser\u00e1 responsable de ning\u00fan da\u00f1o que surja de o est\u00e9 relacionado con el uso de este sitio web.<\/span><\/li>\n<\/ol>\n<p><span style=\"font-weight: 400;\">Estos T\u00e9rminos de servicio se rigen y construyen de acuerdo con las leyes de Nueva York, y usted se somete irrevocablemente a la jurisdicci\u00f3n exclusiva de los tribunales de esa jurisdicci\u00f3n.<\/span><\/p>\n<p><br \/><br \/><\/p>\n\n<p>\u00a0<\/p>\n\t\t\t\t\t\t\t\t<\/div>\n\t\t\t\t<\/div>\n\t\t\t\t\t<\/div>\n\t\t\t\t<\/div>\n\t\t\t\t<\/div>","protected":false},"excerpt":{"rendered":"<p>\u00a0 \u00a0All content on this website, including text, images, graphics, logos, videos, and downloadable files, is the property of Social In Emerald LLC unless otherwise stated. This content is protected by copyright laws and may not be reproduced, distributed, transmitted, displayed, or otherwise used without the prior written consent of Social In Emerald LLC. Unauthorized [&hellip;]<\/p>\n","protected":false},"author":1,"featured_media":0,"parent":0,"menu_order":0,"comment_status":"closed","ping_status":"closed","template":"","meta":{"nf_dc_page":"","om_disable_all_campaigns":false,"site-sidebar-layout":"default","site-content-layout":"","ast-site-content-layout":"default","site-content-style":"default","site-sidebar-style":"default","ast-global-header-display":"","ast-banner-title-visibility":"","ast-main-header-display":"","ast-hfb-above-header-display":"","ast-hfb-below-header-display":"","ast-hfb-mobile-header-display":"","site-post-title":"","ast-breadcrumbs-content":"","ast-featured-img":"","footer-sml-layout":"","ast-disable-related-posts":"","theme-transparent-header-meta":"","adv-header-id-meta":"","stick-header-meta":"","header-above-stick-meta":"","header-main-stick-meta":"","header-below-stick-meta":"","astra-migrate-meta-layouts":"set","ast-page-background-enabled":"default","ast-page-background-meta":{"desktop":{"background-color":"","background-image":"","background-repeat":"repeat","background-position":"center center","background-size":"auto","background-attachment":"scroll","background-type":"","background-media":"","overlay-type":"","overlay-color":"","overlay-opacity":"","overlay-gradient":""},"tablet":{"background-color":"","background-image":"","background-repeat":"repeat","background-position":"center center","background-size":"auto","background-attachment":"scroll","background-type":"","background-media":"","overlay-type":"","overlay-color":"","overlay-opacity":"","overlay-gradient":""},"mobile":{"background-color":"","background-image":"","background-repeat":"repeat","background-position":"center center","background-size":"auto","background-attachment":"scroll","background-type":"","background-media":"","overlay-type":"","overlay-color":"","overlay-opacity":"","overlay-gradient":""}},"ast-content-background-meta":{"desktop":{"background-color":"var(--ast-global-color-5)","background-image":"","background-repeat":"repeat","background-position":"center center","background-size":"auto","background-attachment":"scroll","background-type":"","background-media":"","overlay-type":"","overlay-color":"","overlay-opacity":"","overlay-gradient":""},"tablet":{"background-color":"var(--ast-global-color-5)","background-image":"","background-repeat":"repeat","background-position":"center center","background-size":"auto","background-attachment":"scroll","background-type":"","background-media":"","overlay-type":"","overlay-color":"","overlay-opacity":"","overlay-gradient":""},"mobile":{"background-color":"var(--ast-global-color-5)","background-image":"","background-repeat":"repeat","background-position":"center center","background-size":"auto","background-attachment":"scroll","background-type":"","background-media":"","overlay-type":"","overlay-color":"","overlay-opacity":"","overlay-gradient":""}},"footnotes":""},"class_list":["post-3","page","type-page","status-publish","hentry"],"yoast_head":"<!-- This site is optimized with the Yoast SEO plugin v27.5 - https:\/\/yoast.com\/product\/yoast-seo-wordpress\/ -->\n<title>Legal Disclaimer - Social In Emerald<\/title>\n<meta name=\"robots\" content=\"index, follow, max-snippet:-1, max-image-preview:large, max-video-preview:-1\" \/>\n<link rel=\"canonical\" href=\"https:\/\/socialinemerald.com\/es\/legal-disclaimer\/\" \/>\n<meta property=\"og:locale\" content=\"es_ES\" \/>\n<meta property=\"og:type\" content=\"article\" \/>\n<meta property=\"og:title\" content=\"Legal Disclaimer - Social In Emerald\" \/>\n<meta property=\"og:description\" content=\"\u00a0 \u00a0All content on this website, including text, images, graphics, logos, videos, and downloadable files, is the property of Social In Emerald LLC unless otherwise stated. This content is protected by copyright laws and may not be reproduced, distributed, transmitted, displayed, or otherwise used without the prior written consent of Social In Emerald LLC. Unauthorized [&hellip;]\" \/>\n<meta property=\"og:url\" content=\"https:\/\/socialinemerald.com\/es\/legal-disclaimer\/\" \/>\n<meta property=\"og:site_name\" content=\"Social In Emerald\" \/>\n<meta property=\"article:modified_time\" content=\"2024-05-08T20:09:03+00:00\" \/>\n<meta name=\"twitter:card\" content=\"summary_large_image\" \/>\n<meta name=\"twitter:label1\" content=\"Tiempo de lectura\" \/>\n\t<meta name=\"twitter:data1\" content=\"2 minutos\" \/>\n<script type=\"application\/ld+json\" class=\"yoast-schema-graph\">{\"@context\":\"https:\\\/\\\/schema.org\",\"@graph\":[{\"@type\":\"WebPage\",\"@id\":\"https:\\\/\\\/socialinemerald.com\\\/legal-disclaimer\\\/\",\"url\":\"https:\\\/\\\/socialinemerald.com\\\/legal-disclaimer\\\/\",\"name\":\"Legal Disclaimer - Social In Emerald\",\"isPartOf\":{\"@id\":\"https:\\\/\\\/socialinemerald.com\\\/#website\"},\"datePublished\":\"2024-04-01T13:34:48+00:00\",\"dateModified\":\"2024-05-08T20:09:03+00:00\",\"breadcrumb\":{\"@id\":\"https:\\\/\\\/socialinemerald.com\\\/legal-disclaimer\\\/#breadcrumb\"},\"inLanguage\":\"es\",\"potentialAction\":[{\"@type\":\"ReadAction\",\"target\":[\"https:\\\/\\\/socialinemerald.com\\\/legal-disclaimer\\\/\"]}]},{\"@type\":\"BreadcrumbList\",\"@id\":\"https:\\\/\\\/socialinemerald.com\\\/legal-disclaimer\\\/#breadcrumb\",\"itemListElement\":[{\"@type\":\"ListItem\",\"position\":1,\"name\":\"Home\",\"item\":\"https:\\\/\\\/socialinemerald.com\\\/\"},{\"@type\":\"ListItem\",\"position\":2,\"name\":\"Legal Disclaimer\"}]},{\"@type\":\"WebSite\",\"@id\":\"https:\\\/\\\/socialinemerald.com\\\/#website\",\"url\":\"https:\\\/\\\/socialinemerald.com\\\/\",\"name\":\"Social In Emerald\",\"description\":\"Outdoor Sports Adventure Website\",\"potentialAction\":[{\"@type\":\"SearchAction\",\"target\":{\"@type\":\"EntryPoint\",\"urlTemplate\":\"https:\\\/\\\/socialinemerald.com\\\/?s={search_term_string}\"},\"query-input\":{\"@type\":\"PropertyValueSpecification\",\"valueRequired\":true,\"valueName\":\"search_term_string\"}}],\"inLanguage\":\"es\"}]}<\/script>\n<!-- \/ Yoast SEO plugin. -->","yoast_head_json":{"title":"Legal Disclaimer - Social In Emerald","robots":{"index":"index","follow":"follow","max-snippet":"max-snippet:-1","max-image-preview":"max-image-preview:large","max-video-preview":"max-video-preview:-1"},"canonical":"https:\/\/socialinemerald.com\/es\/legal-disclaimer\/","og_locale":"es_ES","og_type":"article","og_title":"Legal Disclaimer - Social In Emerald","og_description":"\u00a0 \u00a0All content on this website, including text, images, graphics, logos, videos, and downloadable files, is the property of Social In Emerald LLC unless otherwise stated. This content is protected by copyright laws and may not be reproduced, distributed, transmitted, displayed, or otherwise used without the prior written consent of Social In Emerald LLC. Unauthorized [&hellip;]","og_url":"https:\/\/socialinemerald.com\/es\/legal-disclaimer\/","og_site_name":"Social In Emerald","article_modified_time":"2024-05-08T20:09:03+00:00","twitter_card":"summary_large_image","twitter_misc":{"Tiempo de lectura":"2 minutos"},"schema":{"@context":"https:\/\/schema.org","@graph":[{"@type":"WebPage","@id":"https:\/\/socialinemerald.com\/legal-disclaimer\/","url":"https:\/\/socialinemerald.com\/legal-disclaimer\/","name":"Legal Disclaimer - Social In Emerald","isPartOf":{"@id":"https:\/\/socialinemerald.com\/#website"},"datePublished":"2024-04-01T13:34:48+00:00","dateModified":"2024-05-08T20:09:03+00:00","breadcrumb":{"@id":"https:\/\/socialinemerald.com\/legal-disclaimer\/#breadcrumb"},"inLanguage":"es","potentialAction":[{"@type":"ReadAction","target":["https:\/\/socialinemerald.com\/legal-disclaimer\/"]}]},{"@type":"BreadcrumbList","@id":"https:\/\/socialinemerald.com\/legal-disclaimer\/#breadcrumb","itemListElement":[{"@type":"ListItem","position":1,"name":"Home","item":"https:\/\/socialinemerald.com\/"},{"@type":"ListItem","position":2,"name":"Legal Disclaimer"}]},{"@type":"WebSite","@id":"https:\/\/socialinemerald.com\/#website","url":"https:\/\/socialinemerald.com\/","name":"Social en Esmeralda","description":"Sitio web de deportes y aventuras al aire libre","potentialAction":[{"@type":"SearchAction","target":{"@type":"EntryPoint","urlTemplate":"https:\/\/socialinemerald.com\/?s={search_term_string}"},"query-input":{"@type":"PropertyValueSpecification","valueRequired":true,"valueName":"search_term_string"}}],"inLanguage":"es"}]}},"jetpack_sharing_enabled":true,"_links":{"self":[{"href":"https:\/\/socialinemerald.com\/es\/wp-json\/wp\/v2\/pages\/3","targetHints":{"allow":["GET"]}}],"collection":[{"href":"https:\/\/socialinemerald.com\/es\/wp-json\/wp\/v2\/pages"}],"about":[{"href":"https:\/\/socialinemerald.com\/es\/wp-json\/wp\/v2\/types\/page"}],"author":[{"embeddable":true,"href":"https:\/\/socialinemerald.com\/es\/wp-json\/wp\/v2\/users\/1"}],"replies":[{"embeddable":true,"href":"https:\/\/socialinemerald.com\/es\/wp-json\/wp\/v2\/comments?post=3"}],"version-history":[{"count":5,"href":"https:\/\/socialinemerald.com\/es\/wp-json\/wp\/v2\/pages\/3\/revisions"}],"predecessor-version":[{"id":1731,"href":"https:\/\/socialinemerald.com\/es\/wp-json\/wp\/v2\/pages\/3\/revisions\/1731"}],"wp:attachment":[{"href":"https:\/\/socialinemerald.com\/es\/wp-json\/wp\/v2\/media?parent=3"}],"curies":[{"name":"wp","href":"https:\/\/api.w.org\/{rel}","templated":true}]}}